{"id":2550,"date":"2017-07-18T16:02:42","date_gmt":"2017-07-18T14:02:42","guid":{"rendered":"http:\/\/www.ludovi.ca\/fondationmdm\/?page_id=2550\/"},"modified":"2017-07-28T11:43:11","modified_gmt":"2017-07-28T09:43:11","slug":"notizie-archivio","status":"publish","type":"page","link":"https:\/\/www.fondationmdm.com\/it\/notizie-archivio\/","title":{"rendered":"Notizie &#8211; archivio"},"content":{"rendered":"<div class=\"fusion-fullwidth fullwidth-box fusion-builder-row-1 nonhundred-percent-fullwidth non-hundred-percent-height-scrolling\" style=\"--awb-background-position:left top;--awb-border-radius-top-left:0px;--awb-border-radius-top-right:0px;--awb-border-radius-bottom-right:0px;--awb-border-radius-bottom-left:0px;--awb-padding-top:120px;--awb-padding-right:8%;--awb-padding-bottom:120px;--awb-padding-left:8%;--awb-background-color:#ffffff;--awb-border-sizes-top:0px;--awb-border-sizes-bottom:0px;\" ><div class=\"fusion-builder-row fusion-row\"><div class=\"fusion-layout-column fusion_builder_column fusion-builder-column-0 fusion_builder_column_1_1 1_1 fusion-one-full fusion-column-first fusion-column-last fusion-column-no-min-height\" style=\"--awb-bg-size:cover;\"><div class=\"fusion-column-wrapper fusion-flex-column-wrapper-legacy\"><div class=\"fusion-blog-shortcode fusion-blog-shortcode-1 fusion-blog-archive fusion-blog-layout-large fusion-blog-infinite fusion-blog-no-images\"><div class=\"fusion-posts-container fusion-posts-container-infinite fusion-posts-container-load-more fusion-no-meta-info\" data-pages=\"2\"><article id=\"blog-1-post-4876\" class=\"fusion-post-large post-4876 post type-post status-publish format-standard has-post-thumbnail hentry category-notizie tag-prix-marc-de-montalembert-2019-is-now-open\">\n<div class=\"fusion-post-content post-content\"><h2 class=\"blog-shortcode-post-title entry-title\"><a href=\"https:\/\/www.fondationmdm.com\/it\/prix-marc-de-montalembert-2024\/\">Prix Marc de Montalembert 2024<\/a><\/h2><div class=\"fusion-post-content-container\"><p> Alessandro Serrani, italiano, dottore di ricerca in Arti Visive, dello Spettacolo e dei Media presso l'Universit\u00e0 di Bologna, \u00e8 il vincitore del Prix Marc de Montalembert 2024 per la sua ricerca su \"I polittici di Carlo Crivelli lungo la costa marchigiana: filologia e ricostruzioni grafiche\" al fine di proporre delle ricostituzioni di quelli smembrati e dispersi. Il Prix viene attribuito in associazione con l\u2019Ecole du Louvre.    <\/p><\/div><\/div><div class=\"fusion-clearfix\"><\/div><\/article>\n<article id=\"blog-1-post-4671\" class=\"fusion-post-large post-4671 post type-post status-publish format-standard hentry category-notizie tag-prix-marc-de-montalembert-2019\">\n<div class=\"fusion-post-content post-content\"><h2 class=\"blog-shortcode-post-title entry-title\"><a href=\"https:\/\/www.fondationmdm.com\/it\/bourse-marc-de-montalembert-2023\/\">Bourse Marc de Montalembert 2023<\/a><\/h2><div class=\"fusion-post-content-container\"><p> La\u00a0borsa a progetto Marc de Montalembert 2023\u00a0\u00e8 attribuita a\u00a0Astrid Boisgibault, Francia, per il suo progetto \"Objets quotidiens et art de la table en M\u00e9diterran\u00e9e : rencontres et cr\u00e9ation\", un progetto di ricerca e creazione\u00a0sull\u2019arte della tavola centrato sull\u2019artigianato ceramico e tessile. Il progetto si svolger\u00e0 con un viaggio di studio in diversi paesi del Mediterraneo. La borsa verr\u00e0 consegnata alla vincitrice nel giorno della apertura annuale della Fondazione a Rodi, il 25 aprile 2023.    <\/p><\/div><\/div><div class=\"fusion-clearfix\"><\/div><\/article>\n<article id=\"blog-1-post-4653\" class=\"fusion-post-large post-4653 post type-post status-publish format-standard has-post-thumbnail hentry category-notizie tag-prix-marc-de-montalembert-2019-is-now-open\">\n<div class=\"fusion-post-content post-content\"><h2 class=\"blog-shortcode-post-title entry-title\"><a href=\"https:\/\/www.fondationmdm.com\/it\/prix-marc-de-montalembert-2023-2\/\">Prix Marc de Montalembert 2023<\/a><\/h2><div class=\"fusion-post-content-container\"><p> Il Premio Marc de Montalembert 2023 \u00e8 stato assegnato alla dottoressa Nadine Atallah, franco-egiziana, PhD in Storia dell'arte presso l'Universit\u00e0 di Parigi 1 Panth\u00e9on-Sorbonne, ricercatrice associata presso il laboratorio InVisu (CNRS\/INHA) e professoressa di storia e teoria delle arti presso l'\u00c9cole Europ\u00e9enne Sup\u00e9rieure d\u2019Art de Bretagne a Rennes. Il Premio corona una brillante carriera e consentir\u00e0 alla vincitrice di approfondire la sua ricerca sugli artisti visivi in \u200b\u200bEgitto nel XX secolo. Il Premio sostiene la sua ricerca su \u201cLe alleanze contraddittorie di Inji Efflatoun (1924-1989). Traiettoria di una artista militante attraverso l'Egitto del XX secolo\u201d. Il Centro di Ricerca dell\u2019Ecole du Louvre la accompagner\u00e0 durante l\u2019anno 2023.    <\/p><\/div><\/div><div class=\"fusion-clearfix\"><\/div><\/article>\n<article id=\"blog-1-post-4464\" class=\"fusion-post-large post-4464 post type-post status-publish format-standard has-post-thumbnail hentry category-notizie tag-prix-marc-de-montalembert-2019-is-now-open\">\n<div class=\"fusion-post-content post-content\"><h2 class=\"blog-shortcode-post-title entry-title\"><a href=\"https:\/\/www.fondationmdm.com\/it\/27-aprile-2022-giornata-di-apertura-annuale-della-fondazione\/\">27 aprile 2022 : Giornata di apertura annuale della Fondazione<\/a><\/h2><div class=\"fusion-post-content-container\"><p>Dopo una interruzione forzata di due anni, la giornata di apertura annuale della Fondazione a Rodi ha avuto luogo il 27 aprile, giorno della festa di San Marco con una numerosa partecipazione. Due vincitori della borsa hanno presentato i risultati del loro progetto.<\/p><\/div><\/div><div class=\"fusion-clearfix\"><\/div><\/article>\n<article id=\"blog-1-post-4446\" class=\"fusion-post-large post-4446 post type-post status-publish format-standard hentry category-notizie tag-prix-marc-de-montalembert-2019-is-now-open\">\n<div class=\"fusion-post-content post-content\"><h2 class=\"blog-shortcode-post-title entry-title\"><a href=\"https:\/\/www.fondationmdm.com\/it\/prix-marc-de-montalembert-2022\/\">Prix Marc de Montalembert 2022<\/a><\/h2><div class=\"fusion-post-content-container\"><p>Il vincitore del Prix Marc de Montalembert 2022 \u00e8 Mohamed Ibrahim, egiziano, dottore in archeologia islamica, Universit\u00e0 Ain Shams del Cairo, per la sua ricerca : \"La cavalleria mamelucca nelle illustrazioni dei manoscritti militari\".<\/p><\/div><\/div><div class=\"fusion-clearfix\"><\/div><\/article>\n<article id=\"blog-1-post-4257\" class=\"fusion-post-large post-4257 post type-post status-publish format-standard hentry category-notizie tag-prix-marc-de-montalembert-2019\">\n<div class=\"fusion-post-content post-content\"><h2 class=\"blog-shortcode-post-title entry-title\"><a href=\"https:\/\/www.fondationmdm.com\/it\/bourse-marc-de-montalembert-2021\/\">Bourse Marc de Montalembert 2021<\/a><\/h2><div class=\"fusion-post-content-container\"><p> La\u00a0borsa Marc de Montalembert 2021\u00a0\u00e8 assegnata a\u00a0Gabriele Langosco, Italia, per il suo progetto \u201c Scultura genovese. Rotte mediterranee nell\u2019et\u00e0 di Fillippo II \u201d. Il progetto intende realizzare uno studio dell\u2019esportazione di sculture in marmo genovesi verso i centri iberici e mediterranei presso cui convergevano le principali rotte al tempo di Filippo II (1556-1598). La ricerca si svolger\u00e0 con un viaggio di studio principalmente in Spagna. La borsa doveva essere consegnata al vincitore nel giorno della apertura annuale della Fondazione a Rodi, ma la cerimonia ha dovuto essere annullata a causa della pandemia.    <\/p><\/div><\/div><div class=\"fusion-clearfix\"><\/div><\/article>\n<article id=\"blog-1-post-4057\" class=\"fusion-post-large post-4057 post type-post status-publish format-standard hentry category-notizie tag-prix-marc-de-montalembert-2019\">\n<div class=\"fusion-post-content post-content\"><h2 class=\"blog-shortcode-post-title entry-title\"><a href=\"https:\/\/www.fondationmdm.com\/it\/bourse-marc-de-montalembert-2020\/\">Bourse Marc de Montalembert 2020<\/a><\/h2><div class=\"fusion-post-content-container\"><p> La\u00a0borsa Marc de Montalembert 2020\u00a0\u00e8 attribuita a\u00a0Ga\u00ebtan Soerensen, Francia, per il suo progetto \u201c WAQF \u201d, sistema palestinese tradizionale di propriet\u00e0 fondiaria. Il progetto sar\u00e0 una testimonianza fotografica del legame ancestrale dei palestinesi con le loro terre, in particolare come vissuto oggi dai palestinesi separati dalle loro terre con le quali mantengono pur sempre un forte legame. La borsa doveva essere consegnata al vincitore il 25 aprile, giorno della apertura annuale della Fondazione a Rodi, ma la cerimonia ha dovuto essere annullata a causa delle attuali circostanze.    <\/p><\/div><\/div><div class=\"fusion-clearfix\"><\/div><\/article>\n<article id=\"blog-1-post-4050\" class=\"fusion-post-large post-4050 post type-post status-publish format-standard hentry category-notizie tag-prix-marc-de-montalembert-2019-is-now-open\">\n<div class=\"fusion-post-content post-content\"><h2 class=\"blog-shortcode-post-title entry-title\"><a href=\"https:\/\/www.fondationmdm.com\/it\/prix-marc-de-montalembert-2020-2-2\/\">Prix Marc de Montalembert 2020<\/a><\/h2><div class=\"fusion-post-content-container\"><p>Geoffrey Meyer-Fernandez, francese, dottore in storia dell\u2019arte dell\u2019Universit\u00e0 di Aix-Marseille \u00e8 il vincitore del Prix Marc de Montalembert 2020 per la sua ricerca : \u00ab Tra Oriente e Occidente : tre chiese affrescate da famiglie greche nelle isole di Creta, Cipro e Rodi (XIVo-XVo) \u00bb. <\/p><\/div><\/div><div class=\"fusion-clearfix\"><\/div><\/article>\n<article id=\"blog-1-post-3989\" class=\"fusion-post-large post-3989 post type-post status-publish format-standard has-post-thumbnail hentry category-notizie tag-prix-marc-de-montalembert-2019-is-now-open\">\n<div class=\"fusion-post-content post-content\"><h2 class=\"blog-shortcode-post-title entry-title\"><a href=\"https:\/\/www.fondationmdm.com\/it\/apertura-del-giardino-della-fondazione\/\">Apertura del giardino della Fondazione<\/a><\/h2><div class=\"fusion-post-content-container\"><p> In occasione delle Giornate europee del patrimonio e dei dieci anni dell\u2019Associazione Rhodes International Culture &amp; Heritage Society (RICHeS), la Fondazione ha aperto le porte del suo giardino al pubblico con altri quattordici monumenti della citt\u00e0 medievale di Rodi. Circa 1500 persone sono venute a scoprire e visitare il giardino, un bel successo. 28-29 settembre 2019    <\/p><\/div><\/div><div class=\"fusion-clearfix\"><\/div><\/article>\n<article id=\"blog-1-post-3859\" class=\"fusion-post-large post-3859 post type-post status-publish format-standard hentry category-notizie tag-prix-marc-de-montalembert-2019-is-now-open\">\n<div class=\"fusion-post-content post-content\"><h2 class=\"blog-shortcode-post-title entry-title\"><a href=\"https:\/\/www.fondationmdm.com\/it\/prix-marc-de-montalembert-2020\/\">Prix Marc de Montalembert 2020<\/a><\/h2><div class=\"fusion-post-content-container\"><p> \u00c8 aperto il bando di concorso per il Prix Marc de Montalembert 2020 sul sito del INHA. Data limite di invio delle candidature: 30 novembre 2019.    <\/p><\/div><\/div><div class=\"fusion-clearfix\"><\/div><\/article>\n<article id=\"blog-1-post-3740\" class=\"fusion-post-large post-3740 post type-post status-publish format-standard hentry category-notizie tag-prix-marc-de-montalembert-2019-is-now-open\">\n<div class=\"fusion-post-content post-content\"><h2 class=\"blog-shortcode-post-title entry-title\"><a href=\"https:\/\/www.fondationmdm.com\/it\/giornata-di-apertura-annuale-della-fondazione\/\">Giornata di apertura annuale della Fondazione<\/a><\/h2><div class=\"fusion-post-content-container\"><p> Giornata di apertura annuale della Fondazione a Rodi: Noomi Pavlidis, vedova del rinomato disegnatore Vangelis Pavlidis (1943-2018) consegna la borsa a progetto Marc de Montalembert 2019 a Miyuka Schipfer per il suo progetto \u201cPortrait de M\u00e9diterran\u00e9e, cultures et croyances\u201d. Maria Luisa Colli, vincitrice della borsa 2019, non ha potuto essere presente ma ha mandato un messaggio e una video di presentazione dei risultati del suo progetto \u201cLe pescatrici del Mediterraneo: spazi e pratiche delle donne del mare\u201d. 2 maggio 2019    <\/p><\/div><\/div><div class=\"fusion-clearfix\"><\/div><\/article>\n<article id=\"blog-1-post-3685\" class=\"fusion-post-large post-3685 post type-post status-publish format-standard hentry category-notizie tag-prix-marc-de-montalembert-2019-is-now-open\">\n<div class=\"fusion-post-content post-content\"><h2 class=\"blog-shortcode-post-title entry-title\"><a href=\"https:\/\/www.fondationmdm.com\/it\/bourse-marc-de-montalembert-2019\/\">Bourse Marc de Montalembert 2019<\/a><\/h2><div class=\"fusion-post-content-container\"><p> La\u00a0borsa Marc de Montalembert 2019\u00a0\u00e8 stata attribuita a\u00a0Miyuka Schipfer, Francia, per il suo progetto \u201cPortrait de M\u00e9diterran\u00e9e \/ Cultures et Croyances \u201d che comprende un viaggio nel Mediterraneo Orientale attraverso le varie culture e credenze\u00a0 dei paesi attraversati, per\u00a0 poi tradurne l\u2019esperienza in\u00a0 disegni, schizzi e immagini. Il risultato dar\u00e0 forma a un carnet di viaggio, o \u201clibro d\u2019arte\u201d e una esposizione. 30 marzo 2019    <\/p><\/div><\/div><div class=\"fusion-clearfix\"><\/div><\/article>\n<article id=\"blog-1-post-3638\" class=\"fusion-post-large post-3638 post type-post status-publish format-standard hentry category-notizie tag-prix-marc-de-montalembert-2019-is-now-open\">\n<div class=\"fusion-post-content post-content\"><h2 class=\"blog-shortcode-post-title entry-title\"><a href=\"https:\/\/www.fondationmdm.com\/it\/consegna-del-prix-marc-de-montalembert-2018\/\">Consegna del Prix Marc de Montalembert 2018<\/a><\/h2><div class=\"fusion-post-content-container\"><p> Consegna del Prix Marc de Montalembert 2018 a CLAIRE CAMBERLEIN, Francia, per la sua ricerca intitolata : \u201cReimpiego del passato nell\u2019Antichit\u00e0 greca. Studio dei fenomeni di memoria a Rodi e nel Dodecaneso tra il XV\u00b0 e il V\u00b0 secolo A.C\u201d. Il Prix Marc de Montalembert \u00e8 stato consegnato dalla Professoressa Anne Jacquemin, professoressa emerita di storia greca all\u2019Universit\u00e0 di Strasburgo. La consegna ha avuto luogo nella sede dell\u2019Institut national d\u2019histoire de l\u2019art (INHA) a Parigi ed \u00e8 stata seguita dalla conferenza del dottor Elie ESSA KAS HANNA, Syria, Prix Marc de Montalembert 2018, sulla sua ricerca intitolata \u201cI monasteri nelle isole minori della Provenza e dell\u2019arcipelogo ligure-toscano dalla tarda antichit\u00e0 al medioevo\u201d. 20 marzo 2019    <\/p><\/div><\/div><div class=\"fusion-clearfix\"><\/div><\/article>\n<article id=\"blog-1-post-3614\" class=\"fusion-post-large post-3614 post type-post status-publish format-standard hentry category-notizie tag-prix-marc-de-montalembert-2019-is-now-open\">\n<div class=\"fusion-post-content post-content\"><h2 class=\"blog-shortcode-post-title entry-title\"><a href=\"https:\/\/www.fondationmdm.com\/it\/prix-marc-de-montalembert-2019\/\">Prix Marc de Montalembert 2019<\/a><\/h2><div class=\"fusion-post-content-container\"><p> Per la decima volta consecutiva, il Prix Marc de Montalembert \u00e8 stato attribuito dalla Fondation Marc de Montalembert, in associazione con l\u2019Institut national d\u2019histoire de l\u2019art (INHA). La vincitrice del Prix Marc de Montalembert 2019 \u00e8 Claire Camberlein, francese, dottoressa in archeologia alla Universit\u00e0 di Strasburgo. La sua ricerca si intitola : \u201cR\u00e9utiliser le pass\u00e9 dans l'Antiquit\u00e9 grecque. \u00c9tude des\u00a0 ph\u00e9nom\u00e8nes m\u00e9moriels \u00e0 Rhodes et dans le Dod\u00e9can\u00e8se entre le XV\u00e8me et le V\u00e8me avant J.-C.\u201d. Il Prix verr\u00e0 consegnato a Parigi il 20 marzo 2019 alle 11 al Institut national d\u2019histoire de l\u2019art, a Parigi. Nella stessa occasione Elie Kas Hanna, Prix Marc de Montalembert 2018, presenter\u00e0 i risultati della sua ricerca su \u201cI monasteri nelle isole minori della Provenza e dell\u2019arcipelogo ligure-toscano dalla tarda antichit\u00e0 al medioevo\u201d.    <\/p><\/div><\/div><div class=\"fusion-clearfix\"><\/div><\/article>\n<article id=\"blog-1-post-3482\" class=\"fusion-post-large post-3482 post type-post status-publish format-standard hentry category-notizie tag-prix-marc-de-montalembert-2019-is-now-open\">\n<div class=\"fusion-post-content post-content\"><h2 class=\"blog-shortcode-post-title entry-title\"><a href=\"https:\/\/www.fondationmdm.com\/it\/20-luglio-2018\/\">20 luglio 2018<\/a><\/h2><div class=\"fusion-post-content-container\"><p> \u00c8 aperto il bando di concorso per il Prix Marc de Montalembert 2019 sul sito del INHA. Data limite di invio delle candidature: 30 novembre 2018.    <\/p><\/div><\/div><div class=\"fusion-clearfix\"><\/div><\/article>\n<article id=\"blog-1-post-3379\" class=\"fusion-post-large post-3379 post type-post status-publish format-standard hentry category-notizie\">\n<div class=\"fusion-post-content post-content\"><h2 class=\"blog-shortcode-post-title entry-title\"><a href=\"https:\/\/www.fondationmdm.com\/it\/25-aprile-2018\/\">25 aprile 2018<\/a><\/h2><div class=\"fusion-post-content-container\"><p>Giornata di apertura annuale della Fondazione a Rodi : l\u2019Ambasciatore d\u2019Italia in Grecia, Luigi Marras, consegna la borsa a progetto Marc de Montalembert 2018 a Maria Luisa Colli, Italia, per il suo progetto \u201cLe pescatrici del Mediterraneo : spazi e pratiche delle donne del mare\u201d. In questa occasione Marine Messina, vincitrice della borsa 2017, ha presentato i risultati del suo progetto \u201cMots pour maux\u201d che da a sentire la voce di minorenni migranti isolati di cui ha raccolto la testimonianza a Cipro, in Grecia, in Turchia e i Giordania.<\/p><\/div><\/div><div class=\"fusion-clearfix\"><\/div><\/article>\n<article id=\"blog-1-post-3337\" class=\"fusion-post-large post-3337 post type-post status-publish format-standard hentry category-notizie\">\n<div class=\"fusion-post-content post-content\"><h2 class=\"blog-shortcode-post-title entry-title\"><a href=\"https:\/\/www.fondationmdm.com\/it\/borsa-marc-de-montalembert-2018\/\">Borsa Marc de Montalembert 2018<\/a><\/h2><div class=\"fusion-post-content-container\"><p>La\u00a0borsa a progetto Marc de Montalembert 2018\u00a0\u00e8 stata attribuita a\u00a0Maria Luisa Colli, Italia, per il suo progetto \u201c Le pescatrici del Mediterraneo: spazi e pratiche delle donne del mare \u201d,\u00a0 ricerca sulle attivit\u00e0, le esperienze, i ruoli e le organizzazioni delle donne-pescatrici in tre situazioni costiere del Mediterraneo, in Francia e in Libano.<\/p><\/div><\/div><div class=\"fusion-clearfix\"><\/div><\/article>\n<article id=\"blog-1-post-3322\" class=\"fusion-post-large post-3322 post type-post status-publish format-standard hentry category-notizie\">\n<div class=\"fusion-post-content post-content\"><h2 class=\"blog-shortcode-post-title entry-title\"><a href=\"https:\/\/www.fondationmdm.com\/it\/21-marzo-2018\/\">21 marzo 2018<\/a><\/h2><div class=\"fusion-post-content-container\"><p>Consegna del Prix Marc de Montalembert 2018 al dottor Elie ESSA KAS HANNA, Syria, per la sua ricerca su \u201cI monasteri nelle isole minori della Provenza e dell\u2019arcipelogo ligure-toscano dalla tarda antichit\u00e0 al medioevo\u201d. La consegna per mano del Professor Philippe Pergola, direttore di ricerca al CNRS ha avuto luogo nella sede dell\u2019Institut national d\u2019histoire de l\u2019art (INHA) a Parigi. Nella stessa occasione il dottor Mathieu Beaud, Prix Marc de Montalembert 2017 ha tenuto una conferenza intitolata \u00ab \"Culture visuelle\" et \"religion civique\" : les fa\u00e7ades du d\u00f4me et de la basilique San Zeno de V\u00e9rone\u00bb.<\/p><\/div><\/div><div class=\"fusion-clearfix\"><\/div><\/article>\n<article id=\"blog-1-post-3306\" class=\"fusion-post-large post-3306 post type-post status-publish format-standard hentry category-notizie\">\n<div class=\"fusion-post-content post-content\"><h2 class=\"blog-shortcode-post-title entry-title\"><a href=\"https:\/\/www.fondationmdm.com\/it\/31-gennaio-2018\/\">31 gennaio 2018<\/a><\/h2><div class=\"fusion-post-content-container\"><p> Il vincitore del Prix Marc de Montalembert 2018 \u00e8 Elie Essa Kas Hanna, siriano, dottore in archeologia del Pontificio Istituto di Archeologia Cristiana ; la sua ricerca verte su \u201cI monasteri nelle isole minori della Provenza e dell\u2019arcipelogo ligure-toscano dalla tarda antichit\u00e0 al medioevo\u201d. Il Prix verr\u00e0 consegnato a Parigi il 21 marzo 2018 alle 11 al Institut national d\u2019histoire de l\u2019art.    <\/p><\/div><\/div><div class=\"fusion-clearfix\"><\/div><\/article>\n<article id=\"blog-1-post-3004\" class=\"fusion-post-large post-3004 post type-post status-publish format-standard has-post-thumbnail hentry category-notizie\">\n<div class=\"fusion-post-content post-content\"><h2 class=\"blog-shortcode-post-title entry-title\"><a href=\"https:\/\/www.fondationmdm.com\/it\/la-fondazione-sostiene-il-progetto-ani-mate-meet-the-other\/\">La Fondazione sostiene il progetto \u201cAni-Mate &#038; Meet the Other\u201d<\/a><\/h2><div class=\"fusion-post-content-container\"><p>La Fondazione sostiene finanziariamente il progetto \u201cAni-Mate &amp; Meet the Other\u201d affinch\u00e8 possa proseguire durante l\u2019estate 2017 le sue attivit\u00e0 culturali a favore di bambini e giovani di famiglie siriane rifugiate nell\u2019isola di Rodi, in Grecia. Attraverso l\u2019educazione informale, le arti e la cultura questo progetto stimola la solidariet\u00e0 tra i giovani rifugiati e la communit\u00e0 locale.\u00a0 Le attivit\u00e0 consistono in lezioni e laboratori di musica, canto, danza, fotografia, proiezioni cinematografiche, etc. L\u2019iniziativa contribuisce anche all\u2019integrazione dei giovani facendoli partecipare a delle attivit\u00e0 scolari. Le attivit\u00e0 sono affidate a giovani volontari e mirano a avvicinare bambini siriani e bambini greci. 01-07-2017<\/p><\/div><\/div><div class=\"fusion-clearfix\"><\/div><\/article>\n<\/div><div class=\"fusion-infinite-scroll-trigger\"><\/div><div class=\"pagination infinite-scroll clearfix\" style=\"display:none;\"><span class=\"current\">1<\/span><a href=\"https:\/\/www.fondationmdm.com\/it\/wp-json\/wp\/v2\/pages\/2550\/page\/2\/\" class=\"inactive\">2<\/a><a class=\"pagination-next\" rel=\"next\" href=\"https:\/\/www.fondationmdm.com\/it\/wp-json\/wp\/v2\/pages\/2550\/page\/2\/\"><span class=\"page-text\">Prossimo<\/span><span class=\"page-next\"><\/span><\/a><\/div><div class=\"fusion-clearfix\"><\/div><button class=\"fusion-load-more-button fusion-blog-button fusion-clearfix\">Load More Posts<\/button><\/div><div class=\"fusion-align-block\"><a class=\"fusion-button button-flat fusion-button-default-size button-default fusion-button-default button-1 fusion-button-default-span fusion-button-default-type\" style=\"width:calc(100%);\" target=\"_self\" href=\"actualites-archives-precedentes\"><span class=\"fusion-button-text\">anni precedenti<\/span><\/a><\/div><div class=\"fusion-clearfix\"><\/div><\/div><\/div><\/div><\/div>\n","protected":false},"excerpt":{"rendered":"","protected":false},"author":1,"featured_media":0,"parent":0,"menu_order":0,"comment_status":"closed","ping_status":"open","template":"100-width.php","meta":{"_seopress_robots_primary_cat":"","_seopress_titles_title":"","_seopress_titles_desc":"","_seopress_robots_index":"","footnotes":""},"class_list":["post-2550","page","type-page","status-publish","hentry"],"_links":{"self":[{"href":"https:\/\/www.fondationmdm.com\/it\/wp-json\/wp\/v2\/pages\/2550","targetHints":{"allow":["GET"]}}],"collection":[{"href":"https:\/\/www.fondationmdm.com\/it\/wp-json\/wp\/v2\/pages"}],"about":[{"href":"https:\/\/www.fondationmdm.com\/it\/wp-json\/wp\/v2\/types\/page"}],"author":[{"embeddable":true,"href":"https:\/\/www.fondationmdm.com\/it\/wp-json\/wp\/v2\/users\/1"}],"replies":[{"embeddable":true,"href":"https:\/\/www.fondationmdm.com\/it\/wp-json\/wp\/v2\/comments?post=2550"}],"version-history":[{"count":2,"href":"https:\/\/www.fondationmdm.com\/it\/wp-json\/wp\/v2\/pages\/2550\/revisions"}],"predecessor-version":[{"id":2763,"href":"https:\/\/www.fondationmdm.com\/it\/wp-json\/wp\/v2\/pages\/2550\/revisions\/2763"}],"wp:attachment":[{"href":"https:\/\/www.fondationmdm.com\/it\/wp-json\/wp\/v2\/media?parent=2550"}],"curies":[{"name":"wp","href":"https:\/\/api.w.org\/{rel}","templated":true}]}}