{"id":3925,"date":"2019-09-27T12:08:20","date_gmt":"2019-09-27T10:08:20","guid":{"rendered":"https:\/\/www.fondationmdm.com\/?page_id=3925"},"modified":"2026-01-09T15:05:26","modified_gmt":"2026-01-09T14:05:26","slug":"borsa-a-progetto","status":"publish","type":"page","link":"https:\/\/www.fondationmdm.com\/it\/borsa-a-progetto\/","title":{"rendered":"Borsa a progetto 2025"},"content":{"rendered":"<p><div class=\"fusion-fullwidth fullwidth-box fusion-builder-row-1 fusion-parallax-none grandezza-onda nonhundred-percent-fullwidth non-hundred-percent-height-scrolling\" style=\"--awb-border-sizes-top:0px;--awb-border-sizes-bottom:0px;--awb-border-sizes-left:0px;--awb-border-sizes-right:0px;--awb-border-radius-top-left:0px;--awb-border-radius-top-right:0px;--awb-border-radius-bottom-right:0px;--awb-border-radius-bottom-left:0px;--awb-padding-top:40px;--awb-padding-right:15%;--awb-padding-bottom:40px;--awb-padding-left:15%;--awb-margin-top:0px;--awb-background-image:url(&quot;https:\/\/www.fondationmdm.com\/wp-content\/uploads\/MdM-onda-fondazione.gif&quot;);--awb-background-size:cover;\" ><div class=\"fusion-builder-row fusion-row\"><div class=\"fusion-layout-column fusion_builder_column fusion-builder-column-0 fusion_builder_column_1_1 1_1 fusion-one-full fusion-column-first fusion-column-last fusion-column-no-min-height\" style=\"--awb-padding-top:40px;--awb-padding-bottom:40px;--awb-bg-position:center top;--awb-bg-blend:overlay;--awb-bg-size:cover;\"><div class=\"fusion-column-wrapper fusion-flex-column-wrapper-legacy\"><div class=\"fusion-text fusion-text-1\"><h2 class=\"fusion-responsive-typography-calculated\" style=\"text-align: center; --fontsize: 35; line-height: 1.29;\" data-fontsize=\"35\" data-lineheight=\"45.15px\"><strong>Borsa a progetto<\/strong><\/h2>\n<p style=\"text-align: center;\"><strong>La Fondation Marc de Montalembert, mediante la Borsa e il Prix Marc de Montalembert, intende contribuire alla conoscenza delle ricchezze culturali della Regione mediterranea, in particolare tra le giovani generazioni.<\/strong><\/p>\n<p style=\"text-align: center;\"><strong>Le borse Marc de Montalembert sono \u201cborse a progetto\u201d che sostengono la realizzazione di progetti legati alla cultura e ai mestieri d\u2019arte, con l\u2019obbiettivo di incoraggiare i giovani della regione mediterranea nelle loro personali aspirazioni o vocazioni permettendo loro di metterle concretamente alla prova, e di approfondire la loro conoscenza delle culture e delle tradizioni mediterranee. La borsa viene assegnata ogni anno.<\/strong><\/p>\n<p style=\"text-align: center;\">Dal 1994 sono state assegnate 30 borse presentate da giovani provenienti da 8 diversi paesi bagnati dal Mediterraneo per la realizzazione di progetti nei seguenti campi: scrittura, architettura, archeologia, canto, musica, storia dell\u2019arte, etnografia, artigianato, pittura, fotografia, sociologia e antropologia. L\u2019ammontare della borsa \u00e8 di <strong>7000 euro<\/strong>; la Fondation Marc de Montalembert offre inoltre al vincitore la possibilit\u00e0 di un soggiorno di studio presso la sede di Rodi, in Grecia.<\/p>\n<\/div><div class=\"fusion-clearfix\"><\/div><\/div><\/div><\/div><\/div><div class=\"fusion-fullwidth fullwidth-box fusion-builder-row-2 hundred-percent-fullwidth non-hundred-percent-height-scrolling\" style=\"--awb-background-position:left top;--awb-border-sizes-top:0px;--awb-border-sizes-bottom:0px;--awb-border-sizes-left:0px;--awb-border-sizes-right:0px;--awb-border-radius-top-left:0px;--awb-border-radius-top-right:0px;--awb-border-radius-bottom-right:0px;--awb-border-radius-bottom-left:0px;--awb-padding-top:0px;--awb-padding-right:0px;--awb-padding-bottom:0px;--awb-padding-left:0px;--awb-background-color:#103a5d;\" ><div class=\"fusion-builder-row fusion-row\"><div class=\"fusion-layout-column fusion_builder_column fusion-builder-column-1 fusion_builder_column_1_1 1_1 fusion-one-full fusion-column-first fusion-column-last\" style=\"--awb-padding-top:50px;--awb-padding-right:8%;--awb-padding-bottom:40px;--awb-padding-left:8%;--awb-bg-blend:overlay;--awb-bg-repeat:repeat;\"><div class=\"fusion-column-wrapper fusion-flex-column-wrapper-legacy\"><div class=\"fusion-text fusion-text-2\"><h2 class=\"\" style=\"--fontsize: 35; line-height: 1.29;\" data-fontsize=\"35\" data-lineheight=\"45.15px\"><span style=\"color: #ffffff;\">Per candidarsi occorre:<\/span><\/h2>\n<ul style=\"color: #ffffff;\">\n<li><strong>essere originari di un paese del Mediterraneo<\/strong> \u2013 cio\u00e8 esservi nati o averne la nazionalit\u00e0;<\/li>\n<li><strong>avere meno di 28 anni<\/strong> nell\u2019anno di assegnazione della borsa;<\/li>\n<li><strong>possedere una chiara aspirazione o vocazione personale nel campo della cultura o dei mestieri d\u2019arte<\/strong>, o una forte motivazione dimostrata da esperienze precedenti;<\/li>\n<li><strong>presentare un progetto legato a tale vocazione<\/strong> che dovr\u00e0 essere <strong>realizzato in uno o pi\u00f9 paesi del Mediterraneo purch\u00e8 diversi da quello di origine del candidato.<\/strong><\/li>\n<\/ul>\n<\/div><div class=\"fusion-clearfix\"><\/div><\/div><\/div><\/div><\/div><div class=\"fusion-fullwidth fullwidth-box fusion-builder-row-3 fusion-flex-container hundred-percent-fullwidth non-hundred-percent-height-scrolling\" style=\"--awb-background-position:left top;--awb-border-sizes-top:0px;--awb-border-sizes-bottom:0px;--awb-border-sizes-left:0px;--awb-border-sizes-right:0px;--awb-border-radius-top-left:0px;--awb-border-radius-top-right:0px;--awb-border-radius-bottom-right:0px;--awb-border-radius-bottom-left:0px;--awb-padding-top:0px;--awb-padding-right:0px;--awb-padding-bottom:0px;--awb-padding-left:0px;--awb-margin-top:0px;\" ><div class=\"fusion-builder-row fusion-row fusion-flex-align-items-stretch\" style=\"width:calc( 100% + 0px ) !important;max-width:calc( 100% + 0px ) !important;margin-left: calc(-0px \/ 2 );margin-right: calc(-0px \/ 2 );\"><div class=\"fusion-layout-column fusion_builder_column fusion-builder-column-2 fusion_builder_column_1_2 1_2 fusion-flex-column fusion-flex-align-self-stretch\" style=\"--awb-padding-top:80px;--awb-padding-right:15%;--awb-padding-bottom:40px;--awb-padding-left:15%;--awb-bg-color:#dde8f0;--awb-bg-color-hover:#dde8f0;--awb-bg-image:url(&#039;https:\/\/www.fondationmdm.com\/wp-content\/uploads\/Mdm_mosaico_box.gif&#039;);--awb-bg-repeat:repeat;--awb-width-large:50%;--awb-margin-top-large:0px;--awb-spacing-right-large:0px;--awb-margin-bottom-large:0px;--awb-spacing-left-large:0px;--awb-width-medium:100%;--awb-spacing-right-medium:0px;--awb-spacing-left-medium:0px;--awb-width-small:100%;--awb-spacing-right-small:0px;--awb-spacing-left-small:0px;\"><div class=\"fusion-column-wrapper fusion-flex-justify-content-space-evenly fusion-content-layout-column\" data-bg-url=\"https:\/\/www.fondationmdm.com\/wp-content\/uploads\/Mdm_mosaico_box.gif\"><div class=\"fusion-text fusion-text-3\"><p>Per concorrere occorre <b>compilare un questionario di preselezione, <\/b>accessibile qui sotto nel bando di concorso<b> e rinviarlo on-line entro e non oltre il 15 novembre<\/b> dell\u2019anno in corso<i>,<\/i> allegando copia scansionata di <b>una lettera di presentazione. <\/b>I soli candidati ritenuti validi dal comitato di preselezione della Fondation Marc de Montalembert <b>riceveranno <\/b>il 1\u00b0 dicembre<b> il modulo di candidatura <\/b>e tutte le istruzioni necessarie. Questo modulo andr\u00e0 <b>compilato e spedito<\/b> alla Fondazione, assieme ai documenti richiesti, <b>entro e non oltre il 31 Dicembre<\/b>.<\/p>\n<p>L\u2019annuncio dell\u2019assegnazione della borsa avviene a <b>fine marzo<\/b> e la consegna a <b>fine aprile<\/b>.<\/p>\n<\/div><\/div><\/div><div class=\"fusion-layout-column fusion_builder_column fusion-builder-column-3 fusion_builder_column_1_2 1_2 fusion-flex-column fusion-flex-align-self-stretch\" style=\"--awb-padding-top:80px;--awb-padding-right:15%;--awb-padding-bottom:40px;--awb-padding-left:15%;--awb-bg-color:#dde8f0;--awb-bg-color-hover:#dde8f0;--awb-bg-image:url(&#039;https:\/\/www.fondationmdm.com\/wp-content\/uploads\/Mdm_mosaico_boxSCURO.gif&#039;);--awb-bg-repeat:repeat;--awb-width-large:50%;--awb-margin-top-large:0px;--awb-spacing-right-large:0px;--awb-margin-bottom-large:0px;--awb-spacing-left-large:0px;--awb-width-medium:100%;--awb-spacing-right-medium:0px;--awb-spacing-left-medium:0px;--awb-width-small:100%;--awb-spacing-right-small:0px;--awb-spacing-left-small:0px;\"><div class=\"fusion-column-wrapper fusion-flex-justify-content-space-evenly fusion-content-layout-column\" data-bg-url=\"https:\/\/www.fondationmdm.com\/wp-content\/uploads\/Mdm_mosaico_boxSCURO.gif\"><div class=\"fusion-text fusion-text-4\"><p><span style=\"color: #ffffff;\">Il vincitore dovr\u00e0 <strong>presentare il risultato finale del suo progetto entro l\u2019anno<\/strong> successivo. Valutata la qualit\u00e0 del lavoro, la Fondazione potr\u00e0 considerare la possibilit\u00e0 di aiutarne la pubblicazione e la diffusione.<\/span><\/p>\n<p><span style=\"color: #ffffff;\">Vengono presi in considerazione solo <strong>progetti individuali e personali a carattere culturale.<\/strong> Devono essere progetti originali e produrre un risultato concreto in una forma che ne consenta la diffusione. <strong>Non sono ammessi i progetti collettivi, n\u00e8 quelli legati a un corso di studi o a una <span style=\"color: var(--awb-color1);\">ricerca universitaria.<\/span><\/strong><\/span><\/p>\n<p><span style=\"color: var(--awb-color1);\">Il bando sar\u00e0 pubblicato il 1 ottobre 2026.<\/span><span style=\"color: #ffffff;\"><strong><\/strong><\/span><\/p>\n<\/div><\/div><\/div><\/div><\/div><div class=\"fusion-fullwidth fullwidth-box fusion-builder-row-4 fusion-parallax-none nonhundred-percent-fullwidth non-hundred-percent-height-scrolling\" style=\"--awb-background-position:left center;--awb-background-repeat:repeat-x;--awb-border-sizes-top:0px;--awb-border-sizes-bottom:0px;--awb-border-sizes-left:0px;--awb-border-sizes-right:0px;--awb-border-radius-top-left:0px;--awb-border-radius-top-right:0px;--awb-border-radius-bottom-right:0px;--awb-border-radius-bottom-left:0px;--awb-padding-top:95px;--awb-padding-right:15%;--awb-padding-bottom:125px;--awb-padding-left:15%;--awb-background-image:url(&quot;https:\/\/www.fondationmdm.com\/wp-content\/uploads\/mosaico_dialogo.jpg&quot;);\" ><div class=\"fusion-builder-row fusion-row\"><div class=\"fusion-layout-column fusion_builder_column fusion-builder-column-4 fusion_builder_column_1_1 1_1 fusion-one-full fusion-column-first fusion-column-last fusion-column-no-min-height\" style=\"--awb-bg-blend:overlay;--awb-bg-size:cover;\"><div class=\"fusion-column-wrapper fusion-flex-column-wrapper-legacy\"><div class=\"fusion-sep-clear\"><\/div><div class=\"fusion-separator fusion-full-width-sep\" style=\"margin-left: auto;margin-right: auto;margin-top:5px;margin-bottom:5px;width:100%;\"><\/div><div class=\"fusion-sep-clear\"><\/div><div class=\"fusion-clearfix\"><\/div><\/div><\/div><\/div><\/div><\/p>\n","protected":false},"excerpt":{"rendered":"","protected":false},"author":2,"featured_media":0,"parent":0,"menu_order":0,"comment_status":"closed","ping_status":"closed","template":"100-width.php","meta":{"_seopress_robots_primary_cat":"","_seopress_titles_title":"","_seopress_titles_desc":"Le borse a progetto sostengono la realizzazione di progetti legati alla cultura e ai mestieri d\u2019arte, per ncoraggiare i giovani della regione mediterranea","_seopress_robots_index":"","footnotes":""},"class_list":["post-3925","page","type-page","status-publish","hentry"],"_links":{"self":[{"href":"https:\/\/www.fondationmdm.com\/it\/wp-json\/wp\/v2\/pages\/3925","targetHints":{"allow":["GET"]}}],"collection":[{"href":"https:\/\/www.fondationmdm.com\/it\/wp-json\/wp\/v2\/pages"}],"about":[{"href":"https:\/\/www.fondationmdm.com\/it\/wp-json\/wp\/v2\/types\/page"}],"author":[{"embeddable":true,"href":"https:\/\/www.fondationmdm.com\/it\/wp-json\/wp\/v2\/users\/2"}],"replies":[{"embeddable":true,"href":"https:\/\/www.fondationmdm.com\/it\/wp-json\/wp\/v2\/comments?post=3925"}],"version-history":[{"count":42,"href":"https:\/\/www.fondationmdm.com\/it\/wp-json\/wp\/v2\/pages\/3925\/revisions"}],"predecessor-version":[{"id":5237,"href":"https:\/\/www.fondationmdm.com\/it\/wp-json\/wp\/v2\/pages\/3925\/revisions\/5237"}],"wp:attachment":[{"href":"https:\/\/www.fondationmdm.com\/it\/wp-json\/wp\/v2\/media?parent=3925"}],"curies":[{"name":"wp","href":"https:\/\/api.w.org\/{rel}","templated":true}]}}