{"id":4239,"date":"2021-04-08T10:52:09","date_gmt":"2021-04-08T08:52:09","guid":{"rendered":"https:\/\/www.fondationmdm.com\/?page_id=4239"},"modified":"2021-04-08T10:52:09","modified_gmt":"2021-04-08T08:52:09","slug":"avvisi-legali","status":"publish","type":"page","link":"https:\/\/www.fondationmdm.com\/it\/avvisi-legali\/","title":{"rendered":"Avvisi legali"},"content":{"rendered":"<div class=\"fusion-fullwidth fullwidth-box fusion-builder-row-1 nonhundred-percent-fullwidth non-hundred-percent-height-scrolling\" style=\"--awb-border-radius-top-left:0px;--awb-border-radius-top-right:0px;--awb-border-radius-bottom-right:0px;--awb-border-radius-bottom-left:0px;\" ><div class=\"fusion-builder-row fusion-row\"><div class=\"fusion-layout-column fusion_builder_column fusion-builder-column-0 fusion_builder_column_1_1 1_1 fusion-one-full fusion-column-first fusion-column-last\" style=\"--awb-bg-size:cover;\"><div class=\"fusion-column-wrapper fusion-flex-column-wrapper-legacy\"><div class=\"fusion-text fusion-text-1\"><p><strong>Editore<\/strong><\/p>\n<p>Fondation de France per conto della Fondation Marc de Montalembert<\/p>\n<p>40 avenue Hoche, 75008 Paris<\/p>\n<p>Telefono : 01 44 21 31 00<\/p>\n<p>Fax\u00a0: 01 44 21 31 01<\/p>\n<p><strong>Sede amministrativa della Fondation Marc de Montalembert : <\/strong><\/p>\n<p>Fondation de France, 40 avenue Hoche, 75008 Paris<\/p>\n<p>Email: <a href=\"mailto:montalembert@fondationmdm.com\">montalembert@fondationmdm.com<\/a><\/p>\n<p><strong>Direttore della pubblicazione<\/strong><\/p>\n<p>Mme Axelle Davezac, Directrice G\u00e9n\u00e9rale de la Fondation de France<\/p>\n<p><strong>Editore<\/strong><\/p>\n<p>Marc Ren\u00e9 de Montalembert, fondatore della Fondation Marc de Montalembert<\/p>\n<p><strong>Creazione del sito web<\/strong><\/p>\n<p>Hylab<br \/>\n<a href=\"mailto:info@hylab.it\">info@hylab.it<\/a><\/p>\n<p><strong>Hosting del sito web<\/strong><\/p>\n<p>OVH<br \/>\n2 rue Kellermann &#8211; 59100 Roubaix &#8211; Francia.<\/p>\n<p><strong>Propriet\u00e0 intellettuale <\/strong><\/p>\n<p>Questo sito e ciascuno dei suoi componenti sono di propriet\u00e0 esclusiva della Fondation Marc de Montalembert o di terzi che ne hanno concesso l&#8217;autorizzazione all&#8217;uso. L&#8217;intero sito \u00e8 soggetto alle disposizioni del Codice della propriet\u00e0 intellettuale e, come tale, \u00e8 protetto contro qualsiasi utilizzo non autorizzato dalla legge. La riproduzione, su supporto cartaceo o informatico, di tutto o parte del sito \u00e8 autorizzata purch\u00e9 strettamente riservata all&#8217;uso personale, escluso ogni utilizzo a fini pubblicitari e \/ o commerciali e \/ o informativi, e che sia conforme a quanto previsto dall&#8217;art. L122-5 del Codice della propriet\u00e0 intellettuale.<\/p>\n<p>Ad eccezione di quanto sopra, qualsiasi riproduzione, rappresentazione o distribuzione, con qualsiasi mezzo e su qualsiasi supporto, di tutto o parte del sito, senza aver ottenuto la preventiva autorizzazione della Fondation Marc de Montalembert, \u00e8 severamente vietata e costituisce reato di contraffazione.<\/p>\n<p>I marchi e loghi che compaiono su questo sito sono registrati dalla Fondation Marc de Montalembert o da terzi. La loro riproduzione o utilizzo, di qualsiasi tipo, \u00e8 vietato a pena di perseguimento penale e civile.<\/p>\n<p><strong>\u00a0<\/strong><strong>Collegamenti ipertestuali<\/strong><\/p>\n<p>Questo sito contiene collegamenti ipertestuali ad altri siti che non sono stati sviluppati dalla Fondation Marc de Montalembert. Questi collegamenti ipertestuali non impegnano la responsabilit\u00e0 della Fondation Marc de Montalembert, in particolare per quanto riguarda il contenuto di questi siti.<\/p>\n<p>Qualsiasi collegamento a questo sito deve essere soggetto ad espressa autorizzazione preventiva della Fondation Marc de Montalembert, che si riserva il diritto di far rimuovere tale collegamento in qualsiasi momento.<\/p>\n<p><strong>Riservatezza delle e-mail<\/strong><\/p>\n<p>La Fondation Marc de Montalembert informa gli utenti che:<\/p>\n<ul>\n<li>La segretezza della corrispondenza trasmessa su Internet non \u00e8 garantita.<\/li>\n<li>Le e-mail vengono archiviate su supporti informatici mentre la Fondation Marc de Montalembert fornisce una risposta.<\/li>\n<\/ul>\n<p><strong>Legge applicabile in caso di controversia<\/strong><\/p>\n<p>Questo sito \u00e8 soggetto alla legge francese<\/p>\n<\/div><div class=\"fusion-clearfix\"><\/div><\/div><\/div><\/div><\/div>\n","protected":false},"excerpt":{"rendered":"","protected":false},"author":2,"featured_media":0,"parent":0,"menu_order":0,"comment_status":"closed","ping_status":"closed","template":"","meta":{"_seopress_robots_primary_cat":"","_seopress_titles_title":"","_seopress_titles_desc":"","_seopress_robots_index":"","footnotes":""},"class_list":["post-4239","page","type-page","status-publish","hentry"],"_links":{"self":[{"href":"https:\/\/www.fondationmdm.com\/it\/wp-json\/wp\/v2\/pages\/4239","targetHints":{"allow":["GET"]}}],"collection":[{"href":"https:\/\/www.fondationmdm.com\/it\/wp-json\/wp\/v2\/pages"}],"about":[{"href":"https:\/\/www.fondationmdm.com\/it\/wp-json\/wp\/v2\/types\/page"}],"author":[{"embeddable":true,"href":"https:\/\/www.fondationmdm.com\/it\/wp-json\/wp\/v2\/users\/2"}],"replies":[{"embeddable":true,"href":"https:\/\/www.fondationmdm.com\/it\/wp-json\/wp\/v2\/comments?post=4239"}],"version-history":[{"count":3,"href":"https:\/\/www.fondationmdm.com\/it\/wp-json\/wp\/v2\/pages\/4239\/revisions"}],"predecessor-version":[{"id":4251,"href":"https:\/\/www.fondationmdm.com\/it\/wp-json\/wp\/v2\/pages\/4239\/revisions\/4251"}],"wp:attachment":[{"href":"https:\/\/www.fondationmdm.com\/it\/wp-json\/wp\/v2\/media?parent=4239"}],"curies":[{"name":"wp","href":"https:\/\/api.w.org\/{rel}","templated":true}]}}